{"id":1330,"date":"2022-11-27T19:37:45","date_gmt":"2022-11-27T19:37:45","guid":{"rendered":"http:\/\/kamnolomjagodic.si\/blog\/?page_id=1330"},"modified":"2022-11-27T19:39:18","modified_gmt":"2022-11-27T19:39:18","slug":"vizija-in-poslanstvo","status":"publish","type":"page","link":"https:\/\/kamnolomjagodic.si\/?page_id=1330","title":{"rendered":"Vizija in poslanstvo"},"content":{"rendered":"<p>[vc_row][vc_column][vc_column_text]<\/p>\n<h2 class=\"vc_custom_heading vc_custom_1669383194083\"><strong style=\"font-size: 16px;\">POSLANSTVO:<\/strong><\/h2>\n<div class=\"wpb_text_column wpb_content_element \">\n<div class=\"wpb_wrapper\">\n<p>Varnostno opozorilo pred vstopom na obmo\u010dje kamnoloma Jagodi\u010d<br \/>\nPodjetje ANDREJ JAGODI\u010c S.P. je ponudnik prevoznih storitev in zemeljskih del, katera izvaja s kamenjem iz lastnega kamnoloma.<br \/>\nPodjetje razvija svojo lastno mre\u017eo odjemalcev, s katerimi \u0161iri podro\u010dje delovanja tudi na zemeljska dela, kot so izkopi in nasipi.<\/p>\n<p>Med svojimi strankami smo prepoznavni po hitri in ugodni ponudbi, na\u0161e storitve in izdelke pa odlikujejo prvovrstna kakovost, zanesljivost in varnost. Dela opravljamo na najsodobnej\u0161ih strojih in opremi. Vlaganja v opremo in izobra\u017eevanje zaposlenih pa nam predstavlja odgovornost in misel na prihodnost.<\/p>\n<p>Eno najosnovnej\u0161ih poslanstev podjetja Andrej Jagodi\u010d s.p. pa je zagotavljanje varnosti in prijetnega delovnega okolja za zaposlene.<\/p>\n<p><strong>VIZIJA:<\/strong><br \/>\nNa\u0161e podjetje si v prihodnje predvsem \u017eeli zadovoljiti potrebe strank, s celovitimi in kakovostnimi re\u0161itvami konkurirati na podro\u010dju delovanja ter poskrbeti za varnost zaposlenih.<\/p>\n<p>V prihodnosti \u017eelimo nadaljevati delovanje:<\/p>\n<p>\u2022 s strankami ustvariti partnerski odnos s poudarkom na skupnem inovativnem re\u0161evanju izzivov,<br \/>\n\u2022 \u0161iritev na druge trge, ostati konkuren\u010dni na tem podro\u010dju, obdr\u017eati stopnjo kakovosti storitev in izdelkov,<br \/>\n\u2022 uveljaviti se, kot eno izmed kakovostnej\u0161ih podjetij na podro\u010dju pridelave kamna,<br \/>\n\u2022 razvijati potenciale vsakega posameznika v podjetju,<br \/>\n\u2022 pridobivati kamen na ekolo\u0161ki in okolju, v katerem delujemo, prijazen na\u010din,<br \/>\n\u2022 vlagati v opremo in izobra\u017eevanje.<\/p>\n<p>Zavedamo se, da \u0161iritev in rast podjetja zahteva vlaganja in izobra\u017eevanja, vseskozi pa vzdr\u017eujemo skrb za okolje.<\/p>\n<\/div>\n<\/div>\n<p>[\/vc_column_text][\/vc_column][\/vc_row]<\/p>\n","protected":false},"excerpt":{"rendered":"<p>[vc_row][vc_column][vc_column_text] POSLANSTVO: Varnostno opozorilo pred vstopom na obmo\u010dje kamnoloma Jagodi\u010d Podjetje ANDREJ JAGODI\u010c S.P. je ponudnik prevoznih storitev in zemeljskih del, katera izvaja s kamenjem iz lastnega kamnoloma. Podjetje razvija svojo lastno mre\u017eo&#8230;<\/p>\n","protected":false},"author":1,"featured_media":0,"parent":0,"menu_order":0,"comment_status":"closed","ping_status":"closed","template":"","meta":[],"_links":{"self":[{"href":"https:\/\/kamnolomjagodic.si\/index.php?rest_route=\/wp\/v2\/pages\/1330"}],"collection":[{"href":"https:\/\/kamnolomjagodic.si\/index.php?rest_route=\/wp\/v2\/pages"}],"about":[{"href":"https:\/\/kamnolomjagodic.si\/index.php?rest_route=\/wp\/v2\/types\/page"}],"author":[{"embeddable":true,"href":"https:\/\/kamnolomjagodic.si\/index.php?rest_route=\/wp\/v2\/users\/1"}],"replies":[{"embeddable":true,"href":"https:\/\/kamnolomjagodic.si\/index.php?rest_route=%2Fwp%2Fv2%2Fcomments&post=1330"}],"version-history":[{"count":4,"href":"https:\/\/kamnolomjagodic.si\/index.php?rest_route=\/wp\/v2\/pages\/1330\/revisions"}],"predecessor-version":[{"id":1334,"href":"https:\/\/kamnolomjagodic.si\/index.php?rest_route=\/wp\/v2\/pages\/1330\/revisions\/1334"}],"wp:attachment":[{"href":"https:\/\/kamnolomjagodic.si\/index.php?rest_route=%2Fwp%2Fv2%2Fmedia&parent=1330"}],"curies":[{"name":"wp","href":"https:\/\/api.w.org\/{rel}","templated":true}]}}